{"id":17,"date":"2013-01-23T12:57:52","date_gmt":"2013-01-23T10:57:52","guid":{"rendered":"http:\/\/www.h-weissenbach.de\/wp\/?page_id=17"},"modified":"2026-03-09T17:14:50","modified_gmt":"2026-03-09T15:14:50","slug":"17-2","status":"publish","type":"page","link":"https:\/\/www.hm-d-weist.de\/wp\/?page_id=17","title":{"rendered":"Team"},"content":{"rendered":"<p><a href=\"https:\/\/www.hm-d-weist.de\/wp\/wp-content\/uploads\/2018\/05\/0007_EB-\u00ae_AmArbeitsPlatz_EB4_8683_20180423_PRINT.jpg\"><img loading=\"lazy\" decoding=\"async\" class=\"alignnone size-medium wp-image-287\" src=\"https:\/\/www.hm-d-weist.de\/wp\/wp-content\/uploads\/2018\/05\/0007_EB-\u00ae_AmArbeitsPlatz_EB4_8683_20180423_PRINT-300x200.jpg\" alt=\"\" width=\"300\" height=\"200\" srcset=\"https:\/\/www.hm-d-weist.de\/wp\/wp-content\/uploads\/2018\/05\/0007_EB-\u00ae_AmArbeitsPlatz_EB4_8683_20180423_PRINT-300x200.jpg 300w, https:\/\/www.hm-d-weist.de\/wp\/wp-content\/uploads\/2018\/05\/0007_EB-\u00ae_AmArbeitsPlatz_EB4_8683_20180423_PRINT-768x511.jpg 768w, https:\/\/www.hm-d-weist.de\/wp\/wp-content\/uploads\/2018\/05\/0007_EB-\u00ae_AmArbeitsPlatz_EB4_8683_20180423_PRINT-1024x682.jpg 1024w, https:\/\/www.hm-d-weist.de\/wp\/wp-content\/uploads\/2018\/05\/0007_EB-\u00ae_AmArbeitsPlatz_EB4_8683_20180423_PRINT-624x415.jpg 624w\" sizes=\"auto, (max-width: 300px) 100vw, 300px\" \/><\/a><\/p>\n<h6><strong>Daniel Weist<\/strong><br \/>\nGesch\u00e4ftsstellenleiter<\/h6>\n<table style=\"height: 267px;\" width=\"410\">\n<tbody>\n<tr>\n<td><a href=\"https:\/\/www.hm-d-weist.de\/wp\/wp-content\/uploads\/2018\/05\/0001_EB-\u00ae_AmArbeitsPlatz_EB4_8602_20180423_PRINT.jpg\" rel=\"attachment wp-att-18\"><img loading=\"lazy\" decoding=\"async\" class=\"alignnone wp-image-284 size-medium\" src=\"https:\/\/www.hm-d-weist.de\/wp\/wp-content\/uploads\/2018\/05\/0001_EB-\u00ae_AmArbeitsPlatz_EB4_8602_20180423_PRINT-300x200.jpg\" alt=\"\" width=\"300\" height=\"200\" srcset=\"https:\/\/www.hm-d-weist.de\/wp\/wp-content\/uploads\/2018\/05\/0001_EB-\u00ae_AmArbeitsPlatz_EB4_8602_20180423_PRINT-300x200.jpg 300w, https:\/\/www.hm-d-weist.de\/wp\/wp-content\/uploads\/2018\/05\/0001_EB-\u00ae_AmArbeitsPlatz_EB4_8602_20180423_PRINT-768x511.jpg 768w, https:\/\/www.hm-d-weist.de\/wp\/wp-content\/uploads\/2018\/05\/0001_EB-\u00ae_AmArbeitsPlatz_EB4_8602_20180423_PRINT-1024x682.jpg 1024w, https:\/\/www.hm-d-weist.de\/wp\/wp-content\/uploads\/2018\/05\/0001_EB-\u00ae_AmArbeitsPlatz_EB4_8602_20180423_PRINT-624x415.jpg 624w\" sizes=\"auto, (max-width: 300px) 100vw, 300px\" \/><\/a><\/p>\n<p><b>Birgit Bruhn<\/b><br \/>\n<strong> zust\u00e4ndig f\u00fcr die Betreuung der Wissenschaftsstipendiaten und -stipendiatinnen<br \/>\n<\/strong><\/p>\n<p><a href=\"https:\/\/www.hm-d-weist.de\/wp\/wp-content\/uploads\/2018\/05\/0003_EB-\u00ae_Eingang_EB5_6904_20180423_PRINT.jpg\"><img loading=\"lazy\" decoding=\"async\" class=\"alignnone size-medium wp-image-298\" src=\"https:\/\/www.hm-d-weist.de\/wp\/wp-content\/uploads\/2018\/05\/0003_EB-\u00ae_Eingang_EB5_6904_20180423_PRINT-300x200.jpg\" alt=\"\" width=\"300\" height=\"200\" srcset=\"https:\/\/www.hm-d-weist.de\/wp\/wp-content\/uploads\/2018\/05\/0003_EB-\u00ae_Eingang_EB5_6904_20180423_PRINT-300x200.jpg 300w, https:\/\/www.hm-d-weist.de\/wp\/wp-content\/uploads\/2018\/05\/0003_EB-\u00ae_Eingang_EB5_6904_20180423_PRINT-768x512.jpg 768w, https:\/\/www.hm-d-weist.de\/wp\/wp-content\/uploads\/2018\/05\/0003_EB-\u00ae_Eingang_EB5_6904_20180423_PRINT-1024x683.jpg 1024w, https:\/\/www.hm-d-weist.de\/wp\/wp-content\/uploads\/2018\/05\/0003_EB-\u00ae_Eingang_EB5_6904_20180423_PRINT-624x416.jpg 624w\" sizes=\"auto, (max-width: 300px) 100vw, 300px\" \/><\/a><\/p>\n<p><strong>Max Lilienbecker<br \/>\nGesch\u00e4ftsstellenleiter<\/strong><\/td>\n<td><\/td>\n<td><\/td>\n<td><\/td>\n<\/tr>\n<\/tbody>\n<\/table>\n","protected":false},"excerpt":{"rendered":"<p>Daniel Weist Gesch\u00e4ftsstellenleiter Birgit Bruhn zust\u00e4ndig f\u00fcr die Betreuung der Wissenschaftsstipendiaten und -stipendiatinnen Max Lilienbecker Gesch\u00e4ftsstellenleiter<\/p>\n","protected":false},"author":1,"featured_media":0,"parent":0,"menu_order":4,"comment_status":"closed","ping_status":"closed","template":"","meta":{"footnotes":""},"class_list":["post-17","page","type-page","status-publish","hentry"],"yoast_head":"<!-- This site is optimized with the Yoast SEO plugin v27.5 - https:\/\/yoast.com\/product\/yoast-seo-wordpress\/ -->\n<title>Team - HanseMerkur<\/title>\n<meta name=\"robots\" content=\"index, follow, max-snippet:-1, max-image-preview:large, max-video-preview:-1\" \/>\n<link rel=\"canonical\" href=\"https:\/\/www.hm-d-weist.de\/wp\/?page_id=17\" \/>\n<meta property=\"og:locale\" content=\"de_DE\" \/>\n<meta property=\"og:type\" content=\"article\" \/>\n<meta property=\"og:title\" content=\"Team - HanseMerkur\" \/>\n<meta property=\"og:description\" content=\"Daniel Weist Gesch\u00e4ftsstellenleiter Birgit Bruhn zust\u00e4ndig f\u00fcr die Betreuung der Wissenschaftsstipendiaten und -stipendiatinnen Max Lilienbecker Gesch\u00e4ftsstellenleiter\" \/>\n<meta property=\"og:url\" content=\"https:\/\/www.hm-d-weist.de\/wp\/?page_id=17\" \/>\n<meta property=\"og:site_name\" content=\"HanseMerkur\" \/>\n<meta property=\"article:modified_time\" content=\"2026-03-09T15:14:50+00:00\" \/>\n<meta name=\"twitter:card\" content=\"summary_large_image\" \/>\n<script type=\"application\/ld+json\" class=\"yoast-schema-graph\">{\"@context\":\"https:\\\/\\\/schema.org\",\"@graph\":[{\"@type\":\"WebPage\",\"@id\":\"https:\\\/\\\/www.hm-d-weist.de\\\/wp\\\/?page_id=17\",\"url\":\"https:\\\/\\\/www.hm-d-weist.de\\\/wp\\\/?page_id=17\",\"name\":\"Team - HanseMerkur\",\"isPartOf\":{\"@id\":\"https:\\\/\\\/www.hm-d-weist.de\\\/wp\\\/#website\"},\"datePublished\":\"2013-01-23T10:57:52+00:00\",\"dateModified\":\"2026-03-09T15:14:50+00:00\",\"breadcrumb\":{\"@id\":\"https:\\\/\\\/www.hm-d-weist.de\\\/wp\\\/?page_id=17#breadcrumb\"},\"inLanguage\":\"de\",\"potentialAction\":[{\"@type\":\"ReadAction\",\"target\":[\"https:\\\/\\\/www.hm-d-weist.de\\\/wp\\\/?page_id=17\"]}]},{\"@type\":\"BreadcrumbList\",\"@id\":\"https:\\\/\\\/www.hm-d-weist.de\\\/wp\\\/?page_id=17#breadcrumb\",\"itemListElement\":[{\"@type\":\"ListItem\",\"position\":1,\"name\":\"Start\",\"item\":\"https:\\\/\\\/www.hm-d-weist.de\\\/wp\\\/\"},{\"@type\":\"ListItem\",\"position\":2,\"name\":\"Team\"}]},{\"@type\":\"WebSite\",\"@id\":\"https:\\\/\\\/www.hm-d-weist.de\\\/wp\\\/#website\",\"url\":\"https:\\\/\\\/www.hm-d-weist.de\\\/wp\\\/\",\"name\":\"HanseMerkur Gesch\u00e4ftsstelle Daniel Weist\",\"description\":\"Gesch\u00e4ftsstelle Daniel Weist\",\"potentialAction\":[{\"@type\":\"SearchAction\",\"target\":{\"@type\":\"EntryPoint\",\"urlTemplate\":\"https:\\\/\\\/www.hm-d-weist.de\\\/wp\\\/?s={search_term_string}\"},\"query-input\":{\"@type\":\"PropertyValueSpecification\",\"valueRequired\":true,\"valueName\":\"search_term_string\"}}],\"inLanguage\":\"de\"}]}<\/script>\n<!-- \/ Yoast SEO plugin. -->","yoast_head_json":{"title":"Team - HanseMerkur","robots":{"index":"index","follow":"follow","max-snippet":"max-snippet:-1","max-image-preview":"max-image-preview:large","max-video-preview":"max-video-preview:-1"},"canonical":"https:\/\/www.hm-d-weist.de\/wp\/?page_id=17","og_locale":"de_DE","og_type":"article","og_title":"Team - HanseMerkur","og_description":"Daniel Weist Gesch\u00e4ftsstellenleiter Birgit Bruhn zust\u00e4ndig f\u00fcr die Betreuung der Wissenschaftsstipendiaten und -stipendiatinnen Max Lilienbecker Gesch\u00e4ftsstellenleiter","og_url":"https:\/\/www.hm-d-weist.de\/wp\/?page_id=17","og_site_name":"HanseMerkur","article_modified_time":"2026-03-09T15:14:50+00:00","twitter_card":"summary_large_image","schema":{"@context":"https:\/\/schema.org","@graph":[{"@type":"WebPage","@id":"https:\/\/www.hm-d-weist.de\/wp\/?page_id=17","url":"https:\/\/www.hm-d-weist.de\/wp\/?page_id=17","name":"Team - HanseMerkur","isPartOf":{"@id":"https:\/\/www.hm-d-weist.de\/wp\/#website"},"datePublished":"2013-01-23T10:57:52+00:00","dateModified":"2026-03-09T15:14:50+00:00","breadcrumb":{"@id":"https:\/\/www.hm-d-weist.de\/wp\/?page_id=17#breadcrumb"},"inLanguage":"de","potentialAction":[{"@type":"ReadAction","target":["https:\/\/www.hm-d-weist.de\/wp\/?page_id=17"]}]},{"@type":"BreadcrumbList","@id":"https:\/\/www.hm-d-weist.de\/wp\/?page_id=17#breadcrumb","itemListElement":[{"@type":"ListItem","position":1,"name":"Start","item":"https:\/\/www.hm-d-weist.de\/wp\/"},{"@type":"ListItem","position":2,"name":"Team"}]},{"@type":"WebSite","@id":"https:\/\/www.hm-d-weist.de\/wp\/#website","url":"https:\/\/www.hm-d-weist.de\/wp\/","name":"HanseMerkur Gesch\u00e4ftsstelle Daniel Weist","description":"Gesch\u00e4ftsstelle Daniel Weist","potentialAction":[{"@type":"SearchAction","target":{"@type":"EntryPoint","urlTemplate":"https:\/\/www.hm-d-weist.de\/wp\/?s={search_term_string}"},"query-input":{"@type":"PropertyValueSpecification","valueRequired":true,"valueName":"search_term_string"}}],"inLanguage":"de"}]}},"_links":{"self":[{"href":"https:\/\/www.hm-d-weist.de\/wp\/index.php?rest_route=\/wp\/v2\/pages\/17","targetHints":{"allow":["GET"]}}],"collection":[{"href":"https:\/\/www.hm-d-weist.de\/wp\/index.php?rest_route=\/wp\/v2\/pages"}],"about":[{"href":"https:\/\/www.hm-d-weist.de\/wp\/index.php?rest_route=\/wp\/v2\/types\/page"}],"author":[{"embeddable":true,"href":"https:\/\/www.hm-d-weist.de\/wp\/index.php?rest_route=\/wp\/v2\/users\/1"}],"replies":[{"embeddable":true,"href":"https:\/\/www.hm-d-weist.de\/wp\/index.php?rest_route=%2Fwp%2Fv2%2Fcomments&post=17"}],"version-history":[{"count":21,"href":"https:\/\/www.hm-d-weist.de\/wp\/index.php?rest_route=\/wp\/v2\/pages\/17\/revisions"}],"predecessor-version":[{"id":464,"href":"https:\/\/www.hm-d-weist.de\/wp\/index.php?rest_route=\/wp\/v2\/pages\/17\/revisions\/464"}],"wp:attachment":[{"href":"https:\/\/www.hm-d-weist.de\/wp\/index.php?rest_route=%2Fwp%2Fv2%2Fmedia&parent=17"}],"curies":[{"name":"wp","href":"https:\/\/api.w.org\/{rel}","templated":true}]}}