{"id":301,"date":"2018-06-12T11:22:08","date_gmt":"2018-06-12T09:22:08","guid":{"rendered":"http:\/\/www.h-weissenbach.de\/?page_id=301"},"modified":"2021-03-23T15:07:51","modified_gmt":"2021-03-23T13:07:51","slug":"datenschutz","status":"publish","type":"page","link":"https:\/\/www.hm-d-weist.de\/wp\/?page_id=301","title":{"rendered":"Datenschutz"},"content":{"rendered":"<div id=\"p_p_id_56_INSTANCE_uortfiBbBdvq_\" class=\"portlet-boundary portlet-boundary_56_ portlet-static portlet-static-end portlet-borderless portlet-journal-content \">\n<div class=\"portlet-borderless-container\">\n<div class=\"portlet-body\">\n<div id=\"datenschutz_informationspflichten\" class=\"journal-content-article\">\n<div class=\"c_text_desk\">\n<h3>Informationspflichten gem\u00e4\u00df Art. 13 EU-DSGVO<\/h3>\n<p>Mit diesen Hinweisen informieren wir Sie als Versicherungskunden oder Beteiligten \u00fcber die Verarbeitung Ihrer personenbezogenen Daten durch die HanseMerkur und die Ihnen nach dem Datenschutzrecht zustehenden Rechte.<\/p>\n<p>HanseMerkur Reiseversicherung AG<br \/>\nSiegfried-Wedells-Platz 1<br \/>\n20354 Hamburg<br \/>\nTel.: 040 4119-1919<br \/>\nFax: 040 4119-3040<br \/>\nE-Mal: <a href=\"mailto:reiseinfo@hansemerkur.de?\">reiseinfo@hansemerkur.de<\/a><\/p>\n<p>Der Datenschutzbeauftragte des Verantwortlichen ist:<br \/>\nHerr Thomas Prigge<br \/>\nBitte benutzen Sie zur Kontaktaufnahme die o.g. Adresse oder senden Sie eine E-Mail an:<br \/>\n<a href=\"mailto:datenschutz@hansemerkur.de.?\">datenschutz@hansemerkur.de.<\/a><\/p>\n<h2>Zwecke und Rechtsgrundlagen der Datenverarbeitung<\/h2>\n<p>Wir verarbeiten Ihre personenbezogenen Daten unter Beachtung der EU-Datenschutz-Grundverordnung (DSGVO), des Bundesdaten-schutzgesetzes (BDSG), der datenschutzrechtlich relevanten Bestimmungen des Versicherungsvertragsgesetzes (VVG) sowie aller weiteren ma\u00dfgeblichen Gesetze. Dar\u00fcber hinaus hat sich unser Unternehmen auf die \u201eVerhaltensregeln f\u00fcr den Umgang mit personenbezogenen Daten durch die deutsche Versicherungswirtschaft\u201c verpflichtet, die die oben genannten Gesetze f\u00fcr die Versicherungswirtschaft pr\u00e4zisieren. Diese k\u00f6nnen Sie <a href=\"https:\/\/www.hmrv.de\/documents\/168711\/173356\/Code%20of%20Conduct.pdf\/a597971b-4c16-459e-869a-505b62e625cf\" target=\"_blank\" rel=\"noopener noreferrer\">hier<\/a> abrufen.<\/p>\n<p>Stellen Sie einen Antrag auf Versicherungsschutz, ben\u00f6tigen wir die von Ihnen hierbei gemachten Angaben f\u00fcr den Abschluss des Vertrages und zur Einsch\u00e4tzung des von uns zu \u00fcbernehmenden Risikos. Kommt der Versicherungsvertrag zustande, verarbeiten wir diese Daten zur Durchf\u00fchrung des Vertragsverh\u00e4ltnisses, z. B. zur Policierung oder Rechnungsstellung. Angaben zum Schaden ben\u00f6tigen wir etwa, um pr\u00fcfen zu k\u00f6nnen, ob ein Versicherungsfall eingetreten und wie hoch der Schaden ist.<\/p>\n<p>Der Abschluss bzw. die Durchf\u00fchrung des Versicherungsvertrages ist ohne die Verarbeitung Ihrer personenbezogenen Daten nicht m\u00f6glich.<\/p>\n<p>Dar\u00fcber hinaus ben\u00f6tigen wir Ihre personenbezogenen Daten zur Erstellung von versiche-rungsspezifischen Statistiken, z. B. f\u00fcr die Entwicklung neuer Tarife oder zur Erf\u00fcllung auf-sichtsrechtlicher Vorgaben. Die Daten aller mit einer HanseMerkur-Gesellschaft bestehenden Vertr\u00e4ge nutzen wir f\u00fcr eine Betrachtung der gesamten Kundenbeziehung, beispielsweise zur Beratung hinsichtlich einer Vertragsanpassung, -erg\u00e4nzung, f\u00fcr Kulanzentscheidungen oder f\u00fcr umfassende Auskunftserteilungen.<\/p>\n<p>Rechtsgrundlage f\u00fcr diese Verarbeitungen personenbezogener Daten f\u00fcr vorvertragliche und vertragliche Zwecke ist Art. 6 Abs. 1 b) DSGVO. Soweit daf\u00fcr besondere Kategorien personen-bezogener Daten (z. B. Ihre Gesundheitsdaten bei Abschluss eines Krankenversicherungsvertrages) erforderlich sind, holen wir Ihre Einwilligung nach Art. 9 Abs. 2 a) i. V. m. Art. 7 DSGVO ein. Hierf\u00fcr stellen wir Ihnen <a href=\"https:\/\/www.hmrv.de\/documents\/168711\/-\/-\/f429f615-77c7-41e7-bcb1-4ae1a03a9fdd\" target=\"_blank\" rel=\"noopener noreferrer\">hier<\/a> vorab die Erkl\u00e4rung als Muster zur Verf\u00fcgung.<\/p>\n<p>Erstellen wir Statistiken mit diesen Datenkategorien, erfolgt dies auf Grundlage von Art. 9 Abs. 2 j) DSGVO i. V. m. \u00a7 27 BDSG.<\/p>\n<p>Ihre Daten verarbeiten wir auch, um berechtigte Interessen von uns oder von Dritten zu wahren (Art. 6 Abs. 1 f) DSGVO). Dies kann insbesondere erforderlich sein:<\/p>\n<ul>\n<li>zur Gew\u00e4hrleistung der IT-Sicherheit und des IT-Betriebs,<\/li>\n<li>zur Werbung f\u00fcr unsere eigenen Versicherungsprodukte und f\u00fcr andere Produkte der Unternehmen der HanseMerkur-Gruppe und deren Kooperationspartner sowie f\u00fcr Markt- und Meinungsumfragen,<\/li>\n<li>zur Verhinderung und Aufkl\u00e4rung von Straftaten, insbesondere nutzen wir Datenanalysen zur Erkennung von Hinweisen, die auf Versicherungsmissbrauch hindeuten k\u00f6nnen.<\/li>\n<\/ul>\n<p>Dar\u00fcber hinaus verarbeiten wir Ihre personen-bezogenen Daten zur Erf\u00fcllung gesetzlicher Verpflichtungen wie z. B. aufsichtsrechtlicher Vorgaben, handels- und steuerrechtlicher Auf-bewahrungspflichten oder unserer Beratungspflicht. Als Rechtsgrundlage f\u00fcr die Verarbeitung dienen in diesem Fall die jeweiligen gesetzlichen Regelungen i. V. m. Art. 6 Abs. 1 c) DSGVO.<\/p>\n<p>Sollten wir Ihre personenbezogenen Daten f\u00fcr einen oben nicht genannten Zweck verarbeiten wollen, werden wir Sie im Rahmen der gesetzlichen Bestimmungen dar\u00fcber zuvor informieren.<\/p>\n<h2>Kategorien von Empf\u00e4ngern der personenbezogenen Daten<\/h2>\n<p><b>R\u00fcckversicherer: <\/b><br \/>\nVon uns \u00fcbernommene Risiken versichern wir auch bei speziellen Versicherungsunternehmen (R\u00fcckversicherer). Daf\u00fcr kann es erforderlich sein, Ihre Vertrags- und ggf. Schadendaten an einen R\u00fcckversicherer zu \u00fcbermitteln, damit dieser sich ein eigenes Bild \u00fcber das Risiko oder den Versicherungsfall machen kann. Dar\u00fcber hinaus ist es m\u00f6glich, dass der R\u00fcckversicherer unser Unternehmen aufgrund seiner besonderen Sachkunde bei der Risiko- oder Leistungspr\u00fcfung sowie bei der Bewertung von Verfahrensabl\u00e4ufen unterst\u00fctzt. Wir \u00fcbermitteln Ihre Daten an den R\u00fcckversicherer nur soweit dies f\u00fcr die Erf\u00fcllung unseres Versicherungsvertrages mit Ihnen erforderlich ist bzw. im zur Wahrung unserer berechtigten Interessen erforderlichen Umfang.<\/p>\n<p><b>Vermittler: <\/b><br \/>\nSoweit Sie hinsichtlich Ihrer Versicherungsvertr\u00e4ge von einem Vermittler betreut werden, verarbeitet Ihr Vermittler die zum Abschluss und zur Durchf\u00fchrung des Vertrages ben\u00f6tigten Antrags-, Vertrags- und Schadendaten. Auch \u00fcbermittelt unser Unternehmen diese Daten an die Sie betreuenden Vermittler, soweit diese die Informationen zu Ihrer Betreuung und Beratung in Ihren Versicherungs- und Finanzdienstleistungsangelegenheiten ben\u00f6tigen.<\/p>\n<p><b>Datenverarbeitung in der Unternehmensgruppe: <\/b><br \/>\nSpezialisierte Unternehmen bzw. Bereiche unserer Unternehmensgruppe nehmen bestimmte Datenverarbeitungsaufgaben f\u00fcr die in der Gruppe verbundenen Unternehmen zentral wahr. Soweit ein Versicherungsvertrag zwischen Ihnen und einem oder mehreren Unternehmen unserer Gruppe besteht, k\u00f6nnen Ihre Daten etwa zur zentralen Verwaltung von Anschriftendaten, f\u00fcr den telefonischen Kundenservice, zur Vertrags- und Leistungsbearbeitung, f\u00fcr In- und Exkasso oder zur gemeinsamen Postbearbeitung zentral durch ein Unternehmen der Gruppe verarbeitet werden. In unserer Dienstleisterliste finden Sie die Unternehmen, die an einer zentralisierten Datenverarbeitung teilnehmen.<\/p>\n<h2>Externe Dienstleister:<\/h2>\n<p>Die einzelnen Unternehmen der HanseMerkur Versicherungsgruppe (HanseMerkur Krankenversicherung auf Gegenseitigkeit, HanseMerkur Krankenversicherung AG, HanseMerkur Lebensversicherung AG, HanseMerkur Allgemeine Versicherung AG, HanseMerkur Reiseversicherung AG, HanseMerkur Speziale Krankenversicherung AG) \u2013 im folgenden HanseMerkur genannt \u2013 arbeiten bedarfsbezogen unter Verwendung von Gesundheitsdaten und weiterer nach \u00a7 203 StGB gesch\u00fctzter Daten zur Erf\u00fcllung unserer vertraglichen und gesetzlichen Pflichten derzeit mit Dienstleistern (Unternehmen\/Personen) zusammen. Eine Auflistung der von uns eingesetzten Auftragnehmer und Dienstleister, zu denen nicht nur vor\u00fcbergehende Gesch\u00e4ftsbeziehungen bestehen, k\u00f6nnen Sie der entnehmen:<\/p>\n<\/div>\n<\/div>\n<div class=\"entry-links\"><\/div>\n<\/div>\n<\/div>\n<\/div>\n<div id=\"p_p_id_56_INSTANCE_jqp8sJBEXKWX_\" class=\"portlet-boundary portlet-boundary_56_ portlet-static portlet-static-end portlet-borderless portlet-journal-content \"><span id=\"p_56_INSTANCE_jqp8sJBEXKWX\"><\/span><\/p>\n<div class=\"portlet-borderless-container\">\n<div class=\"portlet-body\">\n<div id=\"datenschutz_information_externe-dienstleister\" class=\"journal-content-article\">\n<div class=\"tabelle_2-spaltig_vertikal_desk\">\n<table cellspacing=\"0\" cellpadding=\"0\" border=\"0\">\n<tbody>\n<tr>\n<td>\n<table>\n<tbody>\n<tr>\n<td>\n<div><b>Stellen<\/b><\/div>\n<\/td>\n<td>\n<div><b>\u00dcbertragene Aufgaben<\/b><\/div>\n<\/td>\n<\/tr>\n<tr>\n<td>\n<div>H.B.C. Hanse Betreuungscenter GmbH<\/div>\n<\/td>\n<td>\n<div>Telefonischer Kundenservice<\/div>\n<\/td>\n<\/tr>\n<tr>\n<td>\n<div>Roland Assistance GmbH<\/div>\n<\/td>\n<td>\n<div>Assistance-Leistungen<\/div>\n<\/td>\n<\/tr>\n<tr>\n<td>\n<div>Insurance Warehouse Gesellschaft f\u00fcr Finanzdienstleistungen GmbH<\/div>\n<\/td>\n<td>\n<div>Bestandsverwaltung im Bereich Reiseversicherung<\/div>\n<\/td>\n<\/tr>\n<tr>\n<td>\n<div>Deutsche Assistance Service GmbH<\/div>\n<\/td>\n<td>\n<div>Assistance-Leistungen<\/div>\n<\/td>\n<\/tr>\n<tr>\n<td>\n<div>Omnidata GmbH &amp; Co.KG<\/div>\n<\/td>\n<td>\n<div>Druck- und Kuvertier-Dienstleistungen<\/div>\n<\/td>\n<\/tr>\n<tr>\n<td>\n<div>FP Passenger Service GmbH und deren beauftrage Vertragsanw\u00e4lte<\/div>\n<\/td>\n<td>\n<div>Regressbearbeitung im Bereich Reiseversicherung<\/div>\n<\/td>\n<\/tr>\n<tr>\n<td>\n<div>PPI AG<\/div>\n<\/td>\n<td>\n<div>Self Service Portal \/ Online-Schadenmeldung<\/div>\n<\/td>\n<\/tr>\n<\/tbody>\n<\/table>\n<\/td>\n<\/tr>\n<\/tbody>\n<\/table>\n<\/div>\n<\/div>\n<div class=\"entry-links\"><\/div>\n<\/div>\n<\/div>\n<\/div>\n<div id=\"p_p_id_56_INSTANCE_i7EjwKgJ3MLb_\" class=\"portlet-boundary portlet-boundary_56_ portlet-static portlet-static-end portlet-borderless portlet-journal-content \"><span id=\"p_56_INSTANCE_i7EjwKgJ3MLb\"><\/span><\/p>\n<div class=\"portlet-borderless-container\">\n<div class=\"portlet-body\">\n<div id=\"datenschutz_informationspflichten_2\" class=\"journal-content-article\">\n<div class=\"c_text_desk\">\n<p>Die vollst\u00e4ndigen Kontaktdaten stellen wir Ihnen auf Anfrage gern zur Verf\u00fcgung.<\/p>\n<p>Dar\u00fcber hinaus arbeitet die HanseMerkur bedarfsbezogen auch mit folgenden Stellen zusammen, die Gesundheitsdaten und weitere nach \u00a7 203 StGB gesch\u00fctzte Daten erheben, verarbeiten und nutzen:<\/p>\n<\/div>\n<\/div>\n<div class=\"entry-links\"><\/div>\n<\/div>\n<\/div>\n<\/div>\n<div id=\"p_p_id_56_INSTANCE_xpAkWnRsCg3G_\" class=\"portlet-boundary portlet-boundary_56_ portlet-static portlet-static-end portlet-borderless portlet-journal-content \"><span id=\"p_56_INSTANCE_xpAkWnRsCg3G\"><\/span><\/p>\n<div class=\"portlet-borderless-container\">\n<div class=\"portlet-body\">\n<div id=\"datenschutz_information_externe-dienstleister-weitere\" class=\"journal-content-article\">\n<div class=\"tabelle_2-spaltig_vertikal_desk\">\n<table cellspacing=\"0\" cellpadding=\"0\" border=\"0\">\n<tbody>\n<tr>\n<td>\n<table>\n<tbody>\n<tr>\n<td>\n<div><b>Stellen<\/b><\/div>\n<\/td>\n<td>\n<div><b>T\u00e4tigkeiten<\/b><\/div>\n<\/td>\n<\/tr>\n<tr>\n<td>\n<div>\u00c4rzte, Psychologen, Psychiater, R\u00fcckversicherer<\/div>\n<\/td>\n<td>\n<div>Gutachter und Sachverst\u00e4ndige<\/div>\n<\/td>\n<\/tr>\n<tr>\n<td>\n<div>Rechtsanw\u00e4lte<\/div>\n<\/td>\n<td>\n<div>allgemeine Dienstleistung in begr\u00fcndeten Einzelf\u00e4llen<\/div>\n<\/td>\n<\/tr>\n<tr>\n<td>\n<div>externe IT-Dienstleister<\/div>\n<\/td>\n<td>\n<div>Anwendungsentwicklung und Bereitstellung technischer Ressourcen<\/div>\n<\/td>\n<\/tr>\n<tr>\n<td>\n<div>Letter-Shops<\/div>\n<\/td>\n<td>\n<div>Mailing-Aktionen<\/div>\n<\/td>\n<\/tr>\n<tr>\n<td>\n<div>Detekteien<\/div>\n<\/td>\n<td>\n<div>anlassbezogene Betrugsbek\u00e4mpfung in begr\u00fcndeten Einzelf\u00e4llen<\/div>\n<\/td>\n<\/tr>\n<tr>\n<td>\n<div>Inkasso-Unternehmen<\/div>\n<\/td>\n<td>\n<div>gerichtliches Mahnverfahren, Forderungseinzug<\/div>\n<\/td>\n<\/tr>\n<\/tbody>\n<\/table>\n<\/td>\n<\/tr>\n<\/tbody>\n<\/table>\n<\/div>\n<\/div>\n<div class=\"entry-links\"><\/div>\n<\/div>\n<\/div>\n<\/div>\n<div id=\"p_p_id_56_INSTANCE_cLNR1gxCrDO1_\" class=\"portlet-boundary portlet-boundary_56_ portlet-static portlet-static-end portlet-borderless portlet-journal-content \"><span id=\"p_56_INSTANCE_cLNR1gxCrDO1\"><\/span><\/p>\n<div class=\"portlet-borderless-container\">\n<div class=\"portlet-body\">\n<div id=\"datenschutz_informationspflichten_3\" class=\"journal-content-article\">\n<div class=\"c_text_desk\">\n<h2>Weitere Empf\u00e4nger:<\/h2>\n<p>Dar\u00fcber hinaus k\u00f6nnen wir Ihre personenbezogenen Daten an weitere Empf\u00e4nger \u00fcbermitteln, wie etwa an Beh\u00f6rden zur Erf\u00fcllung gesetzlicher Mitteilungspflichten (z. B. Sozialversicherungstr\u00e4ger, Finanzbeh\u00f6rden oder Strafverfolgungsbeh\u00f6rden).<\/p>\n<h2>Dauer der Datenspeicherung<\/h2>\n<p>Wir l\u00f6schen Ihre personenbezogenen Daten sobald sie f\u00fcr die oben genannten Zwecke nicht mehr erforderlich sind. Dabei kann es vorkommen, dass personenbezogene Daten f\u00fcr die Zeit aufbewahrt werden, in der Anspr\u00fcche gegen unser Unternehmen geltend gemacht werden k\u00f6nnen (gesetzliche Verj\u00e4hrungsfrist von drei oder bis zu drei\u00dfig Jahren). Zudem speichern wir Ihre personenbezogenen Daten, soweit wir dazu gesetzlich verpflichtet sind. Entsprechende Nachweis- und Aufbewahrungspflichten ergeben sich unter anderem aus dem Handelsgesetzbuch, der Abgabenordnung und dem Geldw\u00e4schegesetz. Die Speicherfristen betragen danach bis zu zehn Jahren.<\/p>\n<h2>Betroffenenrechte<\/h2>\n<p>Sie k\u00f6nnen unter der o. g. Adresse Auskunft \u00fcber die zu Ihrer Person gespeicherten Daten verlangen. Dar\u00fcber hinaus k\u00f6nnen Sie unter bestimmten Voraussetzungen die Berichtigung oder die L\u00f6schung Ihrer Daten verlangen. Ihnen kann weiterhin ein Recht auf Einschr\u00e4nkung der Verarbeitung Ihrer Daten sowie ein Recht auf Herausgabe der von Ihnen bereitgestellten Daten in einem strukturierten, g\u00e4ngigen und maschinenlesbaren Format zustehen.<\/p>\n<h2>Widerspruchsrecht<\/h2>\n<p>Sie haben das Recht, einer Verarbeitung Ihrer personenbezogenen Daten zu Zwecken der Direktwerbung zu widersprechen. Verarbeiten wir Ihre Daten zur Wahrung berechtigter Interessen, k\u00f6nnen Sie dieser Verarbeitung widersprechen, wenn sich aus Ihrer besonderen Situation Gr\u00fcnde ergeben, die gegen die Datenverarbeitung sprechen.<\/p>\n<h2>Beschwerderecht<\/h2>\n<p>Sie haben die M\u00f6glichkeit, sich mit einer Beschwerde an den oben genannten Datenschutz-beauftragten oder an eine Datenschutzaufsichtsbeh\u00f6rde zu wenden. Die f\u00fcr uns zust\u00e4ndige Datenschutzaufsichtsbeh\u00f6rde ist:Der Hamburgische Beauftragte f\u00fcr Datenschutz und Informationsfreiheit<br \/>\nKlosterwall 6,<br \/>\n20095 Hamburg<\/p>\n<h2>Daten\u00fcbermittlung in ein Drittland<\/h2>\n<p>Sollten wir personenbezogene Daten an Dienstleister au\u00dferhalb des Europ\u00e4ischen Wirtschafts-raums (EWR) \u00fcbermitteln, erfolgt die \u00dcbermittlung nur, soweit dem Drittland durch die EU-Kommission ein angemessenes Datenschutzniveau best\u00e4tigt wurde oder andere angemessene Datenschutzgarantien (z. B. verbindliche unternehmensinterne Datenschutzvorschriften oder EU-Standardvertragsklauseln) vorhanden sind.<\/p>\n<h2>Automatisierte Einzelfallentscheidungen<\/h2>\n<p>Auf Basis Ihrer Angaben zum Risiko, zu denen wir Sie bei Antragstellung befragen, entscheiden wir vollautomatisiert etwa \u00fcber das Zustandekommen oder die H\u00f6he der von Ihnen zu zahlenden Versicherungspr\u00e4mie.Ihnen steht das Recht auf Erwirkung des Eingreifens einer Person seitens des Verantwortlichen, auf Darlegung des eigenen Standpunktes und auf Anfechtung der Entscheidung zu.<\/p>\n<\/div>\n<\/div>\n<\/div>\n<\/div>\n<\/div>\n","protected":false},"excerpt":{"rendered":"<p>Informationspflichten gem\u00e4\u00df Art. 13 EU-DSGVO Mit diesen Hinweisen informieren wir Sie als Versicherungskunden oder Beteiligten \u00fcber die Verarbeitung Ihrer personenbezogenen Daten durch die HanseMerkur und die Ihnen nach dem Datenschutzrecht zustehenden Rechte. HanseMerkur Reiseversicherung AG Siegfried-Wedells-Platz 1 20354 Hamburg Tel.: 040 4119-1919 Fax: 040 4119-3040 E-Mal: reiseinfo@hansemerkur.de Der Datenschutzbeauftragte des Verantwortlichen ist: Herr Thomas Prigge [&hellip;]<\/p>\n","protected":false},"author":2,"featured_media":0,"parent":0,"menu_order":6,"comment_status":"closed","ping_status":"closed","template":"","meta":{"footnotes":""},"class_list":["post-301","page","type-page","status-publish","hentry"],"yoast_head":"<!-- This site is optimized with the Yoast SEO plugin v27.5 - https:\/\/yoast.com\/product\/yoast-seo-wordpress\/ -->\n<title>Datenschutz - HanseMerkur<\/title>\n<meta name=\"robots\" content=\"index, follow, max-snippet:-1, max-image-preview:large, max-video-preview:-1\" \/>\n<link rel=\"canonical\" href=\"https:\/\/www.hm-d-weist.de\/wp\/?page_id=301\" \/>\n<meta property=\"og:locale\" content=\"de_DE\" \/>\n<meta property=\"og:type\" content=\"article\" \/>\n<meta property=\"og:title\" content=\"Datenschutz - HanseMerkur\" \/>\n<meta property=\"og:description\" content=\"Informationspflichten gem\u00e4\u00df Art. 13 EU-DSGVO Mit diesen Hinweisen informieren wir Sie als Versicherungskunden oder Beteiligten \u00fcber die Verarbeitung Ihrer personenbezogenen Daten durch die HanseMerkur und die Ihnen nach dem Datenschutzrecht zustehenden Rechte. HanseMerkur Reiseversicherung AG Siegfried-Wedells-Platz 1 20354 Hamburg Tel.: 040 4119-1919 Fax: 040 4119-3040 E-Mal: reiseinfo@hansemerkur.de Der Datenschutzbeauftragte des Verantwortlichen ist: Herr Thomas Prigge [&hellip;]\" \/>\n<meta property=\"og:url\" content=\"https:\/\/www.hm-d-weist.de\/wp\/?page_id=301\" \/>\n<meta property=\"og:site_name\" content=\"HanseMerkur\" \/>\n<meta property=\"article:modified_time\" content=\"2021-03-23T13:07:51+00:00\" \/>\n<meta name=\"twitter:card\" content=\"summary_large_image\" \/>\n<meta name=\"twitter:label1\" content=\"Gesch\u00e4tzte Lesezeit\" \/>\n\t<meta name=\"twitter:data1\" content=\"7\u00a0Minuten\" \/>\n<script type=\"application\/ld+json\" class=\"yoast-schema-graph\">{\"@context\":\"https:\\\/\\\/schema.org\",\"@graph\":[{\"@type\":\"WebPage\",\"@id\":\"https:\\\/\\\/www.hm-d-weist.de\\\/wp\\\/?page_id=301\",\"url\":\"https:\\\/\\\/www.hm-d-weist.de\\\/wp\\\/?page_id=301\",\"name\":\"Datenschutz - HanseMerkur\",\"isPartOf\":{\"@id\":\"https:\\\/\\\/www.hm-d-weist.de\\\/wp\\\/#website\"},\"datePublished\":\"2018-06-12T09:22:08+00:00\",\"dateModified\":\"2021-03-23T13:07:51+00:00\",\"breadcrumb\":{\"@id\":\"https:\\\/\\\/www.hm-d-weist.de\\\/wp\\\/?page_id=301#breadcrumb\"},\"inLanguage\":\"de\",\"potentialAction\":[{\"@type\":\"ReadAction\",\"target\":[\"https:\\\/\\\/www.hm-d-weist.de\\\/wp\\\/?page_id=301\"]}]},{\"@type\":\"BreadcrumbList\",\"@id\":\"https:\\\/\\\/www.hm-d-weist.de\\\/wp\\\/?page_id=301#breadcrumb\",\"itemListElement\":[{\"@type\":\"ListItem\",\"position\":1,\"name\":\"Start\",\"item\":\"https:\\\/\\\/www.hm-d-weist.de\\\/wp\\\/\"},{\"@type\":\"ListItem\",\"position\":2,\"name\":\"Datenschutz\"}]},{\"@type\":\"WebSite\",\"@id\":\"https:\\\/\\\/www.hm-d-weist.de\\\/wp\\\/#website\",\"url\":\"https:\\\/\\\/www.hm-d-weist.de\\\/wp\\\/\",\"name\":\"HanseMerkur Gesch\u00e4ftsstelle Daniel Weist\",\"description\":\"Gesch\u00e4ftsstelle Daniel Weist\",\"potentialAction\":[{\"@type\":\"SearchAction\",\"target\":{\"@type\":\"EntryPoint\",\"urlTemplate\":\"https:\\\/\\\/www.hm-d-weist.de\\\/wp\\\/?s={search_term_string}\"},\"query-input\":{\"@type\":\"PropertyValueSpecification\",\"valueRequired\":true,\"valueName\":\"search_term_string\"}}],\"inLanguage\":\"de\"}]}<\/script>\n<!-- \/ Yoast SEO plugin. -->","yoast_head_json":{"title":"Datenschutz - HanseMerkur","robots":{"index":"index","follow":"follow","max-snippet":"max-snippet:-1","max-image-preview":"max-image-preview:large","max-video-preview":"max-video-preview:-1"},"canonical":"https:\/\/www.hm-d-weist.de\/wp\/?page_id=301","og_locale":"de_DE","og_type":"article","og_title":"Datenschutz - HanseMerkur","og_description":"Informationspflichten gem\u00e4\u00df Art. 13 EU-DSGVO Mit diesen Hinweisen informieren wir Sie als Versicherungskunden oder Beteiligten \u00fcber die Verarbeitung Ihrer personenbezogenen Daten durch die HanseMerkur und die Ihnen nach dem Datenschutzrecht zustehenden Rechte. HanseMerkur Reiseversicherung AG Siegfried-Wedells-Platz 1 20354 Hamburg Tel.: 040 4119-1919 Fax: 040 4119-3040 E-Mal: reiseinfo@hansemerkur.de Der Datenschutzbeauftragte des Verantwortlichen ist: Herr Thomas Prigge [&hellip;]","og_url":"https:\/\/www.hm-d-weist.de\/wp\/?page_id=301","og_site_name":"HanseMerkur","article_modified_time":"2021-03-23T13:07:51+00:00","twitter_card":"summary_large_image","twitter_misc":{"Gesch\u00e4tzte Lesezeit":"7\u00a0Minuten"},"schema":{"@context":"https:\/\/schema.org","@graph":[{"@type":"WebPage","@id":"https:\/\/www.hm-d-weist.de\/wp\/?page_id=301","url":"https:\/\/www.hm-d-weist.de\/wp\/?page_id=301","name":"Datenschutz - HanseMerkur","isPartOf":{"@id":"https:\/\/www.hm-d-weist.de\/wp\/#website"},"datePublished":"2018-06-12T09:22:08+00:00","dateModified":"2021-03-23T13:07:51+00:00","breadcrumb":{"@id":"https:\/\/www.hm-d-weist.de\/wp\/?page_id=301#breadcrumb"},"inLanguage":"de","potentialAction":[{"@type":"ReadAction","target":["https:\/\/www.hm-d-weist.de\/wp\/?page_id=301"]}]},{"@type":"BreadcrumbList","@id":"https:\/\/www.hm-d-weist.de\/wp\/?page_id=301#breadcrumb","itemListElement":[{"@type":"ListItem","position":1,"name":"Start","item":"https:\/\/www.hm-d-weist.de\/wp\/"},{"@type":"ListItem","position":2,"name":"Datenschutz"}]},{"@type":"WebSite","@id":"https:\/\/www.hm-d-weist.de\/wp\/#website","url":"https:\/\/www.hm-d-weist.de\/wp\/","name":"HanseMerkur Gesch\u00e4ftsstelle Daniel Weist","description":"Gesch\u00e4ftsstelle Daniel Weist","potentialAction":[{"@type":"SearchAction","target":{"@type":"EntryPoint","urlTemplate":"https:\/\/www.hm-d-weist.de\/wp\/?s={search_term_string}"},"query-input":{"@type":"PropertyValueSpecification","valueRequired":true,"valueName":"search_term_string"}}],"inLanguage":"de"}]}},"_links":{"self":[{"href":"https:\/\/www.hm-d-weist.de\/wp\/index.php?rest_route=\/wp\/v2\/pages\/301","targetHints":{"allow":["GET"]}}],"collection":[{"href":"https:\/\/www.hm-d-weist.de\/wp\/index.php?rest_route=\/wp\/v2\/pages"}],"about":[{"href":"https:\/\/www.hm-d-weist.de\/wp\/index.php?rest_route=\/wp\/v2\/types\/page"}],"author":[{"embeddable":true,"href":"https:\/\/www.hm-d-weist.de\/wp\/index.php?rest_route=\/wp\/v2\/users\/2"}],"replies":[{"embeddable":true,"href":"https:\/\/www.hm-d-weist.de\/wp\/index.php?rest_route=%2Fwp%2Fv2%2Fcomments&post=301"}],"version-history":[{"count":3,"href":"https:\/\/www.hm-d-weist.de\/wp\/index.php?rest_route=\/wp\/v2\/pages\/301\/revisions"}],"predecessor-version":[{"id":408,"href":"https:\/\/www.hm-d-weist.de\/wp\/index.php?rest_route=\/wp\/v2\/pages\/301\/revisions\/408"}],"wp:attachment":[{"href":"https:\/\/www.hm-d-weist.de\/wp\/index.php?rest_route=%2Fwp%2Fv2%2Fmedia&parent=301"}],"curies":[{"name":"wp","href":"https:\/\/api.w.org\/{rel}","templated":true}]}}