{"id":409,"date":"2021-03-23T15:23:22","date_gmt":"2021-03-23T13:23:22","guid":{"rendered":"http:\/\/www.h-weissenbach.de\/wp\/?page_id=409"},"modified":"2021-03-23T15:23:22","modified_gmt":"2021-03-23T13:23:22","slug":"offenlegungsverordnung","status":"publish","type":"page","link":"https:\/\/www.hm-d-weist.de\/wp\/?page_id=409","title":{"rendered":"Offenlegungsverordnung"},"content":{"rendered":"<p><strong>Nachhaltigkeitsbezogene Information<\/strong><\/p>\n<p>Nachfolgend erhalten Sie die Informationen gem\u00e4\u00df Art. 3 Abs. 2, Art. 4 Abs. 5, Art. 5 Abs. 1 der Verordnung (EU) 2019\/2088 \u00fcber nachhaltigkeitsbezogene Offenlegungspflichten in unserem Unternehmen.<\/p>\n<p><strong>Ber\u00fccksichtigung von Nachhaltigkeitsrisiken bei der Beratung zu Versicherungsanlageprodukten<\/strong><\/p>\n<p>Verantwortungsvoller und kundenorientierter Vertrieb bedeutet f\u00fcr uns, dass der Kunde eine bestm\u00f6gliche produktspezifische Beratung erh\u00e4lt. Aufgrund der auf der Homepage unseres Vertragspartners unter <a href=\"http:\/\/www.hansemerkur.de\/nachhaltigkeit\">www.hansemerkur.de\/nachhaltigkeit<\/a> beschriebenen Investitionsentscheidungsprozesse k\u00f6nnen wir Ihnen Versicherungsanlage- und Altersvorsorgeprodukte anbieten, die Nachhaltigkeitsrisiken umfassend ber\u00fccksichtigen.<\/p>\n<p>Da sich das Augenmerk der HanseMerkur auf wesentliche nachteilige Auswirkungen auf Nachhaltigkeitsfaktoren verst\u00e4rkt, k\u00f6nnen wir diesem Aspekt im Rahmen unserer Beratung k\u00fcnftig eingehender Rechnung tragen. Weitere Informationen finden Sie in den vorvertraglichen Informationen.<\/p>\n<p><strong>Nachhaltigkeitsaspekte in der Verg\u00fctungspolitik<\/strong><\/p>\n<p>Die Verg\u00fctung f\u00fcr die Vermittlung von Finanzprodukten wird nicht von Nachhaltigkeitsrisiken beeinflusst.<\/p>\n","protected":false},"excerpt":{"rendered":"<p>Nachhaltigkeitsbezogene Information Nachfolgend erhalten Sie die Informationen gem\u00e4\u00df Art. 3 Abs. 2, Art. 4 Abs. 5, Art. 5 Abs. 1 der Verordnung (EU) 2019\/2088 \u00fcber nachhaltigkeitsbezogene Offenlegungspflichten in unserem Unternehmen. Ber\u00fccksichtigung von Nachhaltigkeitsrisiken bei der Beratung zu Versicherungsanlageprodukten Verantwortungsvoller und kundenorientierter Vertrieb bedeutet f\u00fcr uns, dass der Kunde eine bestm\u00f6gliche produktspezifische Beratung erh\u00e4lt. Aufgrund der [&hellip;]<\/p>\n","protected":false},"author":2,"featured_media":0,"parent":0,"menu_order":0,"comment_status":"closed","ping_status":"closed","template":"","meta":{"footnotes":""},"class_list":["post-409","page","type-page","status-publish","hentry"],"yoast_head":"<!-- This site is optimized with the Yoast SEO plugin v27.5 - https:\/\/yoast.com\/product\/yoast-seo-wordpress\/ -->\n<title>Offenlegungsverordnung - HanseMerkur<\/title>\n<meta name=\"robots\" content=\"index, follow, max-snippet:-1, max-image-preview:large, max-video-preview:-1\" \/>\n<link rel=\"canonical\" href=\"https:\/\/www.hm-d-weist.de\/wp\/?page_id=409\" \/>\n<meta property=\"og:locale\" content=\"de_DE\" \/>\n<meta property=\"og:type\" content=\"article\" \/>\n<meta property=\"og:title\" content=\"Offenlegungsverordnung - HanseMerkur\" \/>\n<meta property=\"og:description\" content=\"Nachhaltigkeitsbezogene Information Nachfolgend erhalten Sie die Informationen gem\u00e4\u00df Art. 3 Abs. 2, Art. 4 Abs. 5, Art. 5 Abs. 1 der Verordnung (EU) 2019\/2088 \u00fcber nachhaltigkeitsbezogene Offenlegungspflichten in unserem Unternehmen. Ber\u00fccksichtigung von Nachhaltigkeitsrisiken bei der Beratung zu Versicherungsanlageprodukten Verantwortungsvoller und kundenorientierter Vertrieb bedeutet f\u00fcr uns, dass der Kunde eine bestm\u00f6gliche produktspezifische Beratung erh\u00e4lt. Aufgrund der [&hellip;]\" \/>\n<meta property=\"og:url\" content=\"https:\/\/www.hm-d-weist.de\/wp\/?page_id=409\" \/>\n<meta property=\"og:site_name\" content=\"HanseMerkur\" \/>\n<meta name=\"twitter:card\" content=\"summary_large_image\" \/>\n<meta name=\"twitter:label1\" content=\"Gesch\u00e4tzte Lesezeit\" \/>\n\t<meta name=\"twitter:data1\" content=\"1\u00a0Minute\" \/>\n<script type=\"application\/ld+json\" class=\"yoast-schema-graph\">{\"@context\":\"https:\\\/\\\/schema.org\",\"@graph\":[{\"@type\":\"WebPage\",\"@id\":\"https:\\\/\\\/www.hm-d-weist.de\\\/wp\\\/?page_id=409\",\"url\":\"https:\\\/\\\/www.hm-d-weist.de\\\/wp\\\/?page_id=409\",\"name\":\"Offenlegungsverordnung - HanseMerkur\",\"isPartOf\":{\"@id\":\"https:\\\/\\\/www.hm-d-weist.de\\\/wp\\\/#website\"},\"datePublished\":\"2021-03-23T13:23:22+00:00\",\"breadcrumb\":{\"@id\":\"https:\\\/\\\/www.hm-d-weist.de\\\/wp\\\/?page_id=409#breadcrumb\"},\"inLanguage\":\"de\",\"potentialAction\":[{\"@type\":\"ReadAction\",\"target\":[\"https:\\\/\\\/www.hm-d-weist.de\\\/wp\\\/?page_id=409\"]}]},{\"@type\":\"BreadcrumbList\",\"@id\":\"https:\\\/\\\/www.hm-d-weist.de\\\/wp\\\/?page_id=409#breadcrumb\",\"itemListElement\":[{\"@type\":\"ListItem\",\"position\":1,\"name\":\"Start\",\"item\":\"https:\\\/\\\/www.hm-d-weist.de\\\/wp\\\/\"},{\"@type\":\"ListItem\",\"position\":2,\"name\":\"Offenlegungsverordnung\"}]},{\"@type\":\"WebSite\",\"@id\":\"https:\\\/\\\/www.hm-d-weist.de\\\/wp\\\/#website\",\"url\":\"https:\\\/\\\/www.hm-d-weist.de\\\/wp\\\/\",\"name\":\"HanseMerkur Gesch\u00e4ftsstelle Daniel Weist\",\"description\":\"Gesch\u00e4ftsstelle Daniel Weist\",\"potentialAction\":[{\"@type\":\"SearchAction\",\"target\":{\"@type\":\"EntryPoint\",\"urlTemplate\":\"https:\\\/\\\/www.hm-d-weist.de\\\/wp\\\/?s={search_term_string}\"},\"query-input\":{\"@type\":\"PropertyValueSpecification\",\"valueRequired\":true,\"valueName\":\"search_term_string\"}}],\"inLanguage\":\"de\"}]}<\/script>\n<!-- \/ Yoast SEO plugin. -->","yoast_head_json":{"title":"Offenlegungsverordnung - HanseMerkur","robots":{"index":"index","follow":"follow","max-snippet":"max-snippet:-1","max-image-preview":"max-image-preview:large","max-video-preview":"max-video-preview:-1"},"canonical":"https:\/\/www.hm-d-weist.de\/wp\/?page_id=409","og_locale":"de_DE","og_type":"article","og_title":"Offenlegungsverordnung - HanseMerkur","og_description":"Nachhaltigkeitsbezogene Information Nachfolgend erhalten Sie die Informationen gem\u00e4\u00df Art. 3 Abs. 2, Art. 4 Abs. 5, Art. 5 Abs. 1 der Verordnung (EU) 2019\/2088 \u00fcber nachhaltigkeitsbezogene Offenlegungspflichten in unserem Unternehmen. Ber\u00fccksichtigung von Nachhaltigkeitsrisiken bei der Beratung zu Versicherungsanlageprodukten Verantwortungsvoller und kundenorientierter Vertrieb bedeutet f\u00fcr uns, dass der Kunde eine bestm\u00f6gliche produktspezifische Beratung erh\u00e4lt. Aufgrund der [&hellip;]","og_url":"https:\/\/www.hm-d-weist.de\/wp\/?page_id=409","og_site_name":"HanseMerkur","twitter_card":"summary_large_image","twitter_misc":{"Gesch\u00e4tzte Lesezeit":"1\u00a0Minute"},"schema":{"@context":"https:\/\/schema.org","@graph":[{"@type":"WebPage","@id":"https:\/\/www.hm-d-weist.de\/wp\/?page_id=409","url":"https:\/\/www.hm-d-weist.de\/wp\/?page_id=409","name":"Offenlegungsverordnung - HanseMerkur","isPartOf":{"@id":"https:\/\/www.hm-d-weist.de\/wp\/#website"},"datePublished":"2021-03-23T13:23:22+00:00","breadcrumb":{"@id":"https:\/\/www.hm-d-weist.de\/wp\/?page_id=409#breadcrumb"},"inLanguage":"de","potentialAction":[{"@type":"ReadAction","target":["https:\/\/www.hm-d-weist.de\/wp\/?page_id=409"]}]},{"@type":"BreadcrumbList","@id":"https:\/\/www.hm-d-weist.de\/wp\/?page_id=409#breadcrumb","itemListElement":[{"@type":"ListItem","position":1,"name":"Start","item":"https:\/\/www.hm-d-weist.de\/wp\/"},{"@type":"ListItem","position":2,"name":"Offenlegungsverordnung"}]},{"@type":"WebSite","@id":"https:\/\/www.hm-d-weist.de\/wp\/#website","url":"https:\/\/www.hm-d-weist.de\/wp\/","name":"HanseMerkur Gesch\u00e4ftsstelle Daniel Weist","description":"Gesch\u00e4ftsstelle Daniel Weist","potentialAction":[{"@type":"SearchAction","target":{"@type":"EntryPoint","urlTemplate":"https:\/\/www.hm-d-weist.de\/wp\/?s={search_term_string}"},"query-input":{"@type":"PropertyValueSpecification","valueRequired":true,"valueName":"search_term_string"}}],"inLanguage":"de"}]}},"_links":{"self":[{"href":"https:\/\/www.hm-d-weist.de\/wp\/index.php?rest_route=\/wp\/v2\/pages\/409","targetHints":{"allow":["GET"]}}],"collection":[{"href":"https:\/\/www.hm-d-weist.de\/wp\/index.php?rest_route=\/wp\/v2\/pages"}],"about":[{"href":"https:\/\/www.hm-d-weist.de\/wp\/index.php?rest_route=\/wp\/v2\/types\/page"}],"author":[{"embeddable":true,"href":"https:\/\/www.hm-d-weist.de\/wp\/index.php?rest_route=\/wp\/v2\/users\/2"}],"replies":[{"embeddable":true,"href":"https:\/\/www.hm-d-weist.de\/wp\/index.php?rest_route=%2Fwp%2Fv2%2Fcomments&post=409"}],"version-history":[{"count":3,"href":"https:\/\/www.hm-d-weist.de\/wp\/index.php?rest_route=\/wp\/v2\/pages\/409\/revisions"}],"predecessor-version":[{"id":413,"href":"https:\/\/www.hm-d-weist.de\/wp\/index.php?rest_route=\/wp\/v2\/pages\/409\/revisions\/413"}],"wp:attachment":[{"href":"https:\/\/www.hm-d-weist.de\/wp\/index.php?rest_route=%2Fwp%2Fv2%2Fmedia&parent=409"}],"curies":[{"name":"wp","href":"https:\/\/api.w.org\/{rel}","templated":true}]}}