{"id":419,"date":"2021-03-23T15:56:21","date_gmt":"2021-03-23T13:56:21","guid":{"rendered":"http:\/\/www.h-weissenbach.de\/wp\/?page_id=419"},"modified":"2021-03-23T15:56:21","modified_gmt":"2021-03-23T13:56:21","slug":"erstinformation","status":"publish","type":"page","link":"https:\/\/www.hm-d-weist.de\/wp\/?page_id=419","title":{"rendered":"Erstinformation"},"content":{"rendered":"<p>Daniel Weist<br \/>\nGesch\u00e4ftsstellenleiter der HanseMerkur Krankenversicherung AG<br \/>\nRaderberger Str. 202, 50968 K\u00f6ln<br \/>\nTelefon: 0221 96266503<br \/>\nFax: 0221 96266168<br \/>\nE-Mail: <a href=\"mailto:info@hm-d-weist.de\">info@hm-d-weist.de<\/a><br \/>\nVersicherungsvertreter gem\u00e4\u00df \u00a7 34 d (7) GewO<br \/>\nVermittlerregisternummer: D-BGEE-XVITH-50<\/p>\n<p>Als Ausschlie\u00dflichkeitsvertreter der HanseMerkur Krankenversicherung AG vermittle ich in den Sparten Kranken, Leben, Unfall, Sach, Haftpflicht, Kraftfahrt (Kfz), Reise Produkte der HanseMerkur Krankenversicherung AG, HanseMerkur Lebensversicherung AG, HanseMerkur Allgemeine Versicherung AG, HanseMerkur Reiseversicherung AG, BD24 Berlin Direkt Versicherung AG, Advigon Versicherung AG (Vaduz, Liechtenstein) sowie zus\u00e4tzlich Rechtsschutzversicherungen der Itzehoer Versicherung\/Brandgilde von 1691 Versicherungsverein a.G.<\/p>\n<p>Ich bin an keinem Versicherungsunternehmen beteiligt, und an meiner Versicherungsagentur ist kein Versicherungsunternehmen beteiligt. Ich biete Ihnen im Rahmen meiner Vermittlungst\u00e4tigkeit eine Beratung an. F\u00fcr meine T\u00e4tigkeit erhalte ich ausschlie\u00dflich Provisionen sowie andere Zuwendungen, die in der Versicherungspr\u00e4mie enthalten sind.<\/p>\n<p><strong>Anschrift der Registrierungsstelle<\/strong><\/p>\n<p>Deutscher Industrie- und Handelskammertag (DIHK) e.V.<br \/>\nBreite Stra\u00dfe 29, 10178 Berlin<br \/>\nTelefon: (0180) 600 58 50<br \/>\n(0,20 EUR\/Anr. aus den Festnetzen, Mobilfunk max. 0,60 EUR\/Anruf)<br \/>\n<a href=\"http:\/\/www.vermittlerregister.info\/\">www.vermittlerregister.info<\/a><\/p>\n<p><strong>Schlichtungsstellen<\/strong><\/p>\n<p>f\u00fcr Lebens- und Sachversicherungen:<br \/>\nVersicherungs-Ombudsmann e.V.<br \/>\nPostfach 08 06 32, 10006 Berlin<\/p>\n<p>f\u00fcr private Kranken- und Pflegeversicherungen:<br \/>\nOmbudsmann &#8211; Private Kranken- und Pflegeversicherung,<br \/>\nPostfach 06 02 22, 10052 Berlin<\/p>\n","protected":false},"excerpt":{"rendered":"<p>Daniel Weist Gesch\u00e4ftsstellenleiter der HanseMerkur Krankenversicherung AG Raderberger Str. 202, 50968 K\u00f6ln Telefon: 0221 96266503 Fax: 0221 96266168 E-Mail: info@hm-d-weist.de Versicherungsvertreter gem\u00e4\u00df \u00a7 34 d (7) GewO Vermittlerregisternummer: D-BGEE-XVITH-50 Als Ausschlie\u00dflichkeitsvertreter der HanseMerkur Krankenversicherung AG vermittle ich in den Sparten Kranken, Leben, Unfall, Sach, Haftpflicht, Kraftfahrt (Kfz), Reise Produkte der HanseMerkur Krankenversicherung AG, HanseMerkur Lebensversicherung [&hellip;]<\/p>\n","protected":false},"author":2,"featured_media":0,"parent":0,"menu_order":0,"comment_status":"closed","ping_status":"closed","template":"","meta":{"footnotes":""},"class_list":["post-419","page","type-page","status-publish","hentry"],"yoast_head":"<!-- This site is optimized with the Yoast SEO plugin v27.5 - https:\/\/yoast.com\/product\/yoast-seo-wordpress\/ -->\n<title>Erstinformation - HanseMerkur<\/title>\n<meta name=\"robots\" content=\"index, follow, max-snippet:-1, max-image-preview:large, max-video-preview:-1\" \/>\n<link rel=\"canonical\" href=\"https:\/\/www.hm-d-weist.de\/wp\/?page_id=419\" \/>\n<meta property=\"og:locale\" content=\"de_DE\" \/>\n<meta property=\"og:type\" content=\"article\" \/>\n<meta property=\"og:title\" content=\"Erstinformation - HanseMerkur\" \/>\n<meta property=\"og:description\" content=\"Daniel Weist Gesch\u00e4ftsstellenleiter der HanseMerkur Krankenversicherung AG Raderberger Str. 202, 50968 K\u00f6ln Telefon: 0221 96266503 Fax: 0221 96266168 E-Mail: info@hm-d-weist.de Versicherungsvertreter gem\u00e4\u00df \u00a7 34 d (7) GewO Vermittlerregisternummer: D-BGEE-XVITH-50 Als Ausschlie\u00dflichkeitsvertreter der HanseMerkur Krankenversicherung AG vermittle ich in den Sparten Kranken, Leben, Unfall, Sach, Haftpflicht, Kraftfahrt (Kfz), Reise Produkte der HanseMerkur Krankenversicherung AG, HanseMerkur Lebensversicherung [&hellip;]\" \/>\n<meta property=\"og:url\" content=\"https:\/\/www.hm-d-weist.de\/wp\/?page_id=419\" \/>\n<meta property=\"og:site_name\" content=\"HanseMerkur\" \/>\n<meta name=\"twitter:card\" content=\"summary_large_image\" \/>\n<meta name=\"twitter:label1\" content=\"Gesch\u00e4tzte Lesezeit\" \/>\n\t<meta name=\"twitter:data1\" content=\"1\u00a0Minute\" \/>\n<script type=\"application\/ld+json\" class=\"yoast-schema-graph\">{\"@context\":\"https:\\\/\\\/schema.org\",\"@graph\":[{\"@type\":\"WebPage\",\"@id\":\"https:\\\/\\\/www.hm-d-weist.de\\\/wp\\\/?page_id=419\",\"url\":\"https:\\\/\\\/www.hm-d-weist.de\\\/wp\\\/?page_id=419\",\"name\":\"Erstinformation - HanseMerkur\",\"isPartOf\":{\"@id\":\"https:\\\/\\\/www.hm-d-weist.de\\\/wp\\\/#website\"},\"datePublished\":\"2021-03-23T13:56:21+00:00\",\"breadcrumb\":{\"@id\":\"https:\\\/\\\/www.hm-d-weist.de\\\/wp\\\/?page_id=419#breadcrumb\"},\"inLanguage\":\"de\",\"potentialAction\":[{\"@type\":\"ReadAction\",\"target\":[\"https:\\\/\\\/www.hm-d-weist.de\\\/wp\\\/?page_id=419\"]}]},{\"@type\":\"BreadcrumbList\",\"@id\":\"https:\\\/\\\/www.hm-d-weist.de\\\/wp\\\/?page_id=419#breadcrumb\",\"itemListElement\":[{\"@type\":\"ListItem\",\"position\":1,\"name\":\"Start\",\"item\":\"https:\\\/\\\/www.hm-d-weist.de\\\/wp\\\/\"},{\"@type\":\"ListItem\",\"position\":2,\"name\":\"Erstinformation\"}]},{\"@type\":\"WebSite\",\"@id\":\"https:\\\/\\\/www.hm-d-weist.de\\\/wp\\\/#website\",\"url\":\"https:\\\/\\\/www.hm-d-weist.de\\\/wp\\\/\",\"name\":\"HanseMerkur Gesch\u00e4ftsstelle Daniel Weist\",\"description\":\"Gesch\u00e4ftsstelle Daniel Weist\",\"potentialAction\":[{\"@type\":\"SearchAction\",\"target\":{\"@type\":\"EntryPoint\",\"urlTemplate\":\"https:\\\/\\\/www.hm-d-weist.de\\\/wp\\\/?s={search_term_string}\"},\"query-input\":{\"@type\":\"PropertyValueSpecification\",\"valueRequired\":true,\"valueName\":\"search_term_string\"}}],\"inLanguage\":\"de\"}]}<\/script>\n<!-- \/ Yoast SEO plugin. -->","yoast_head_json":{"title":"Erstinformation - HanseMerkur","robots":{"index":"index","follow":"follow","max-snippet":"max-snippet:-1","max-image-preview":"max-image-preview:large","max-video-preview":"max-video-preview:-1"},"canonical":"https:\/\/www.hm-d-weist.de\/wp\/?page_id=419","og_locale":"de_DE","og_type":"article","og_title":"Erstinformation - HanseMerkur","og_description":"Daniel Weist Gesch\u00e4ftsstellenleiter der HanseMerkur Krankenversicherung AG Raderberger Str. 202, 50968 K\u00f6ln Telefon: 0221 96266503 Fax: 0221 96266168 E-Mail: info@hm-d-weist.de Versicherungsvertreter gem\u00e4\u00df \u00a7 34 d (7) GewO Vermittlerregisternummer: D-BGEE-XVITH-50 Als Ausschlie\u00dflichkeitsvertreter der HanseMerkur Krankenversicherung AG vermittle ich in den Sparten Kranken, Leben, Unfall, Sach, Haftpflicht, Kraftfahrt (Kfz), Reise Produkte der HanseMerkur Krankenversicherung AG, HanseMerkur Lebensversicherung [&hellip;]","og_url":"https:\/\/www.hm-d-weist.de\/wp\/?page_id=419","og_site_name":"HanseMerkur","twitter_card":"summary_large_image","twitter_misc":{"Gesch\u00e4tzte Lesezeit":"1\u00a0Minute"},"schema":{"@context":"https:\/\/schema.org","@graph":[{"@type":"WebPage","@id":"https:\/\/www.hm-d-weist.de\/wp\/?page_id=419","url":"https:\/\/www.hm-d-weist.de\/wp\/?page_id=419","name":"Erstinformation - HanseMerkur","isPartOf":{"@id":"https:\/\/www.hm-d-weist.de\/wp\/#website"},"datePublished":"2021-03-23T13:56:21+00:00","breadcrumb":{"@id":"https:\/\/www.hm-d-weist.de\/wp\/?page_id=419#breadcrumb"},"inLanguage":"de","potentialAction":[{"@type":"ReadAction","target":["https:\/\/www.hm-d-weist.de\/wp\/?page_id=419"]}]},{"@type":"BreadcrumbList","@id":"https:\/\/www.hm-d-weist.de\/wp\/?page_id=419#breadcrumb","itemListElement":[{"@type":"ListItem","position":1,"name":"Start","item":"https:\/\/www.hm-d-weist.de\/wp\/"},{"@type":"ListItem","position":2,"name":"Erstinformation"}]},{"@type":"WebSite","@id":"https:\/\/www.hm-d-weist.de\/wp\/#website","url":"https:\/\/www.hm-d-weist.de\/wp\/","name":"HanseMerkur Gesch\u00e4ftsstelle Daniel Weist","description":"Gesch\u00e4ftsstelle Daniel Weist","potentialAction":[{"@type":"SearchAction","target":{"@type":"EntryPoint","urlTemplate":"https:\/\/www.hm-d-weist.de\/wp\/?s={search_term_string}"},"query-input":{"@type":"PropertyValueSpecification","valueRequired":true,"valueName":"search_term_string"}}],"inLanguage":"de"}]}},"_links":{"self":[{"href":"https:\/\/www.hm-d-weist.de\/wp\/index.php?rest_route=\/wp\/v2\/pages\/419","targetHints":{"allow":["GET"]}}],"collection":[{"href":"https:\/\/www.hm-d-weist.de\/wp\/index.php?rest_route=\/wp\/v2\/pages"}],"about":[{"href":"https:\/\/www.hm-d-weist.de\/wp\/index.php?rest_route=\/wp\/v2\/types\/page"}],"author":[{"embeddable":true,"href":"https:\/\/www.hm-d-weist.de\/wp\/index.php?rest_route=\/wp\/v2\/users\/2"}],"replies":[{"embeddable":true,"href":"https:\/\/www.hm-d-weist.de\/wp\/index.php?rest_route=%2Fwp%2Fv2%2Fcomments&post=419"}],"version-history":[{"count":1,"href":"https:\/\/www.hm-d-weist.de\/wp\/index.php?rest_route=\/wp\/v2\/pages\/419\/revisions"}],"predecessor-version":[{"id":420,"href":"https:\/\/www.hm-d-weist.de\/wp\/index.php?rest_route=\/wp\/v2\/pages\/419\/revisions\/420"}],"wp:attachment":[{"href":"https:\/\/www.hm-d-weist.de\/wp\/index.php?rest_route=%2Fwp%2Fv2%2Fmedia&parent=419"}],"curies":[{"name":"wp","href":"https:\/\/api.w.org\/{rel}","templated":true}]}}