{"id":55,"date":"2013-01-23T14:07:40","date_gmt":"2013-01-23T12:07:40","guid":{"rendered":"http:\/\/www.h-weissenbach.de\/wp\/?page_id=55"},"modified":"2023-03-20T17:49:38","modified_gmt":"2023-03-20T15:49:38","slug":"impressum","status":"publish","type":"page","link":"https:\/\/www.hm-d-weist.de\/wp\/?page_id=55","title":{"rendered":"Impressum \/ About"},"content":{"rendered":"<p style=\"text-align: center;\"><strong>Anbieter i.S.d. TDG \/ MDStV<\/strong><br \/>\nhm-d-weist.de<br \/>\nist eine gesch\u00e4ftliche Internetseite der<\/p>\n<p style=\"text-align: center;\">HanseMerkur Gesch\u00e4ftsstelle<br \/>\nDaniel Weist<br \/>\nDistelrather Str. 19<br \/>\n52351 D\u00fcren<br \/>\ninfo@hm-d-weist.de<\/p>\n<p style=\"text-align: center;\"><strong>Verantwortliche i.S.d \u00a76 Abs. 2 MDStV<\/strong><br \/>\nBirgit Bruhn<br \/>\nHanseMerkur Gesch\u00e4ftsstelle<br \/>\nDaniel Weist<br \/>\nNeuenh\u00f6fer Allee 49<br \/>\n50935 K\u00f6ln<br \/>\ninfo@hm-d-weist.de<\/p>\n<p style=\"text-align: left;\"><strong>Rechtevorbehalt<\/strong><\/p>\n<p>Alle Rechte vorbehalten. Jegliche Vervielf\u00e4ltigung oder Weiterverbreitung von Texten und\/oder Grafiken dieser Webseite als Ganzes oder in Teilen bedarf der Zustimmung des Verfassers.<br \/>\nVerweise<\/p>\n<p>Trotz sorgf\u00e4ltiger, inhaltlicher Kontrolle \u00fcbernimmt der Betreiber von hm-d-weist.de keine Haftung f\u00fcr die Inhalte externer Verweise. F\u00fcr den Inhalt der verkn\u00fcpften Seiten sind ausschlie\u00dflich deren Betreiber verantwortlich.<\/p>\n","protected":false},"excerpt":{"rendered":"<p>Anbieter i.S.d. TDG \/ MDStV hm-d-weist.de ist eine gesch\u00e4ftliche Internetseite der HanseMerkur Gesch\u00e4ftsstelle Daniel Weist Distelrather Str. 19 52351 D\u00fcren info@hm-d-weist.de Verantwortliche i.S.d \u00a76 Abs. 2 MDStV Birgit Bruhn HanseMerkur Gesch\u00e4ftsstelle Daniel Weist Neuenh\u00f6fer Allee 49 50935 K\u00f6ln info@hm-d-weist.de Rechtevorbehalt Alle Rechte vorbehalten. Jegliche Vervielf\u00e4ltigung oder Weiterverbreitung von Texten und\/oder Grafiken dieser Webseite als Ganzes [&hellip;]<\/p>\n","protected":false},"author":1,"featured_media":0,"parent":0,"menu_order":7,"comment_status":"closed","ping_status":"closed","template":"page-templates\/full-width.php","meta":{"footnotes":""},"class_list":["post-55","page","type-page","status-publish","hentry"],"yoast_head":"<!-- This site is optimized with the Yoast SEO plugin v27.5 - https:\/\/yoast.com\/product\/yoast-seo-wordpress\/ -->\n<title>Impressum \/ About - HanseMerkur<\/title>\n<meta name=\"robots\" content=\"index, follow, max-snippet:-1, max-image-preview:large, max-video-preview:-1\" \/>\n<link rel=\"canonical\" href=\"https:\/\/www.hm-d-weist.de\/wp\/?page_id=55\" \/>\n<meta property=\"og:locale\" content=\"de_DE\" \/>\n<meta property=\"og:type\" content=\"article\" \/>\n<meta property=\"og:title\" content=\"Impressum \/ About - HanseMerkur\" \/>\n<meta property=\"og:description\" content=\"Anbieter i.S.d. TDG \/ MDStV hm-d-weist.de ist eine gesch\u00e4ftliche Internetseite der HanseMerkur Gesch\u00e4ftsstelle Daniel Weist Distelrather Str. 19 52351 D\u00fcren info@hm-d-weist.de Verantwortliche i.S.d \u00a76 Abs. 2 MDStV Birgit Bruhn HanseMerkur Gesch\u00e4ftsstelle Daniel Weist Neuenh\u00f6fer Allee 49 50935 K\u00f6ln info@hm-d-weist.de Rechtevorbehalt Alle Rechte vorbehalten. Jegliche Vervielf\u00e4ltigung oder Weiterverbreitung von Texten und\/oder Grafiken dieser Webseite als Ganzes [&hellip;]\" \/>\n<meta property=\"og:url\" content=\"https:\/\/www.hm-d-weist.de\/wp\/?page_id=55\" \/>\n<meta property=\"og:site_name\" content=\"HanseMerkur\" \/>\n<meta property=\"article:modified_time\" content=\"2023-03-20T15:49:38+00:00\" \/>\n<meta name=\"twitter:card\" content=\"summary_large_image\" \/>\n<meta name=\"twitter:label1\" content=\"Gesch\u00e4tzte Lesezeit\" \/>\n\t<meta name=\"twitter:data1\" content=\"1\u00a0Minute\" \/>\n<script type=\"application\/ld+json\" class=\"yoast-schema-graph\">{\"@context\":\"https:\\\/\\\/schema.org\",\"@graph\":[{\"@type\":\"WebPage\",\"@id\":\"https:\\\/\\\/www.hm-d-weist.de\\\/wp\\\/?page_id=55\",\"url\":\"https:\\\/\\\/www.hm-d-weist.de\\\/wp\\\/?page_id=55\",\"name\":\"Impressum \\\/ About - HanseMerkur\",\"isPartOf\":{\"@id\":\"https:\\\/\\\/www.hm-d-weist.de\\\/wp\\\/#website\"},\"datePublished\":\"2013-01-23T12:07:40+00:00\",\"dateModified\":\"2023-03-20T15:49:38+00:00\",\"breadcrumb\":{\"@id\":\"https:\\\/\\\/www.hm-d-weist.de\\\/wp\\\/?page_id=55#breadcrumb\"},\"inLanguage\":\"de\",\"potentialAction\":[{\"@type\":\"ReadAction\",\"target\":[\"https:\\\/\\\/www.hm-d-weist.de\\\/wp\\\/?page_id=55\"]}]},{\"@type\":\"BreadcrumbList\",\"@id\":\"https:\\\/\\\/www.hm-d-weist.de\\\/wp\\\/?page_id=55#breadcrumb\",\"itemListElement\":[{\"@type\":\"ListItem\",\"position\":1,\"name\":\"Start\",\"item\":\"https:\\\/\\\/www.hm-d-weist.de\\\/wp\\\/\"},{\"@type\":\"ListItem\",\"position\":2,\"name\":\"Impressum \\\/ About\"}]},{\"@type\":\"WebSite\",\"@id\":\"https:\\\/\\\/www.hm-d-weist.de\\\/wp\\\/#website\",\"url\":\"https:\\\/\\\/www.hm-d-weist.de\\\/wp\\\/\",\"name\":\"HanseMerkur Gesch\u00e4ftsstelle Daniel Weist\",\"description\":\"Gesch\u00e4ftsstelle Daniel Weist\",\"potentialAction\":[{\"@type\":\"SearchAction\",\"target\":{\"@type\":\"EntryPoint\",\"urlTemplate\":\"https:\\\/\\\/www.hm-d-weist.de\\\/wp\\\/?s={search_term_string}\"},\"query-input\":{\"@type\":\"PropertyValueSpecification\",\"valueRequired\":true,\"valueName\":\"search_term_string\"}}],\"inLanguage\":\"de\"}]}<\/script>\n<!-- \/ Yoast SEO plugin. -->","yoast_head_json":{"title":"Impressum \/ About - HanseMerkur","robots":{"index":"index","follow":"follow","max-snippet":"max-snippet:-1","max-image-preview":"max-image-preview:large","max-video-preview":"max-video-preview:-1"},"canonical":"https:\/\/www.hm-d-weist.de\/wp\/?page_id=55","og_locale":"de_DE","og_type":"article","og_title":"Impressum \/ About - HanseMerkur","og_description":"Anbieter i.S.d. TDG \/ MDStV hm-d-weist.de ist eine gesch\u00e4ftliche Internetseite der HanseMerkur Gesch\u00e4ftsstelle Daniel Weist Distelrather Str. 19 52351 D\u00fcren info@hm-d-weist.de Verantwortliche i.S.d \u00a76 Abs. 2 MDStV Birgit Bruhn HanseMerkur Gesch\u00e4ftsstelle Daniel Weist Neuenh\u00f6fer Allee 49 50935 K\u00f6ln info@hm-d-weist.de Rechtevorbehalt Alle Rechte vorbehalten. Jegliche Vervielf\u00e4ltigung oder Weiterverbreitung von Texten und\/oder Grafiken dieser Webseite als Ganzes [&hellip;]","og_url":"https:\/\/www.hm-d-weist.de\/wp\/?page_id=55","og_site_name":"HanseMerkur","article_modified_time":"2023-03-20T15:49:38+00:00","twitter_card":"summary_large_image","twitter_misc":{"Gesch\u00e4tzte Lesezeit":"1\u00a0Minute"},"schema":{"@context":"https:\/\/schema.org","@graph":[{"@type":"WebPage","@id":"https:\/\/www.hm-d-weist.de\/wp\/?page_id=55","url":"https:\/\/www.hm-d-weist.de\/wp\/?page_id=55","name":"Impressum \/ About - HanseMerkur","isPartOf":{"@id":"https:\/\/www.hm-d-weist.de\/wp\/#website"},"datePublished":"2013-01-23T12:07:40+00:00","dateModified":"2023-03-20T15:49:38+00:00","breadcrumb":{"@id":"https:\/\/www.hm-d-weist.de\/wp\/?page_id=55#breadcrumb"},"inLanguage":"de","potentialAction":[{"@type":"ReadAction","target":["https:\/\/www.hm-d-weist.de\/wp\/?page_id=55"]}]},{"@type":"BreadcrumbList","@id":"https:\/\/www.hm-d-weist.de\/wp\/?page_id=55#breadcrumb","itemListElement":[{"@type":"ListItem","position":1,"name":"Start","item":"https:\/\/www.hm-d-weist.de\/wp\/"},{"@type":"ListItem","position":2,"name":"Impressum \/ About"}]},{"@type":"WebSite","@id":"https:\/\/www.hm-d-weist.de\/wp\/#website","url":"https:\/\/www.hm-d-weist.de\/wp\/","name":"HanseMerkur Gesch\u00e4ftsstelle Daniel Weist","description":"Gesch\u00e4ftsstelle Daniel Weist","potentialAction":[{"@type":"SearchAction","target":{"@type":"EntryPoint","urlTemplate":"https:\/\/www.hm-d-weist.de\/wp\/?s={search_term_string}"},"query-input":{"@type":"PropertyValueSpecification","valueRequired":true,"valueName":"search_term_string"}}],"inLanguage":"de"}]}},"_links":{"self":[{"href":"https:\/\/www.hm-d-weist.de\/wp\/index.php?rest_route=\/wp\/v2\/pages\/55","targetHints":{"allow":["GET"]}}],"collection":[{"href":"https:\/\/www.hm-d-weist.de\/wp\/index.php?rest_route=\/wp\/v2\/pages"}],"about":[{"href":"https:\/\/www.hm-d-weist.de\/wp\/index.php?rest_route=\/wp\/v2\/types\/page"}],"author":[{"embeddable":true,"href":"https:\/\/www.hm-d-weist.de\/wp\/index.php?rest_route=\/wp\/v2\/users\/1"}],"replies":[{"embeddable":true,"href":"https:\/\/www.hm-d-weist.de\/wp\/index.php?rest_route=%2Fwp%2Fv2%2Fcomments&post=55"}],"version-history":[{"count":12,"href":"https:\/\/www.hm-d-weist.de\/wp\/index.php?rest_route=\/wp\/v2\/pages\/55\/revisions"}],"predecessor-version":[{"id":459,"href":"https:\/\/www.hm-d-weist.de\/wp\/index.php?rest_route=\/wp\/v2\/pages\/55\/revisions\/459"}],"wp:attachment":[{"href":"https:\/\/www.hm-d-weist.de\/wp\/index.php?rest_route=%2Fwp%2Fv2%2Fmedia&parent=55"}],"curies":[{"name":"wp","href":"https:\/\/api.w.org\/{rel}","templated":true}]}}