{"id":9,"date":"2013-01-23T12:29:19","date_gmt":"2013-01-23T10:29:19","guid":{"rendered":"http:\/\/www.h-weissenbach.de\/wp\/?page_id=9"},"modified":"2016-01-05T15:03:26","modified_gmt":"2016-01-05T13:03:26","slug":"leistungen","status":"publish","type":"page","link":"https:\/\/www.hm-d-weist.de\/wp\/?page_id=9","title":{"rendered":"Leistungen"},"content":{"rendered":"<p>&nbsp;<\/p>\n<p><span style=\"text-decoration: underline;\"><b>Unsere Schwerpunkte sind Kranken-, Lebens-, Sach- und Reiseversicherungen.<\/b><\/span><\/p>\n<p><b>Wir wissen um den st\u00e4ndig steigenden Bedarf an Service, Beratung und Dienstleistungen. Gemeinsam suchen wir nach optimalen L\u00f6sungen, die auf Ihre ganz speziellen Bed\u00fcrfnisse zugeschnitten sind.<\/b><\/p>\n<p>Auf Wunsch vereinbaren wir mit Ihnen Beratungstermin in unserer Gesch\u00e4ftsstelle, bei Ihnen zu Hause oder an Ihrem Arbeitsplatz.<\/p>\n<p>So weit &#8211; so gut? Nein, denn die Hauptsache ist f\u00fcr uns, dass Sie sich <span style=\"text-decoration: underline;\">auch nach Vertragsabschluss bei uns gut aufgehoben<\/span> f\u00fchlen. Ganz gleich, ob Sie mit einem kleinen oder gro\u00dfen Problem zu uns kommen.<\/p>\n","protected":false},"excerpt":{"rendered":"<p>&nbsp; Unsere Schwerpunkte sind Kranken-, Lebens-, Sach- und Reiseversicherungen. Wir wissen um den st\u00e4ndig steigenden Bedarf an Service, Beratung und Dienstleistungen. Gemeinsam suchen wir nach optimalen L\u00f6sungen, die auf Ihre ganz speziellen Bed\u00fcrfnisse zugeschnitten sind. Auf Wunsch vereinbaren wir mit Ihnen Beratungstermin in unserer Gesch\u00e4ftsstelle, bei Ihnen zu Hause oder an Ihrem Arbeitsplatz. So weit [&hellip;]<\/p>\n","protected":false},"author":1,"featured_media":0,"parent":0,"menu_order":1,"comment_status":"closed","ping_status":"closed","template":"","meta":{"footnotes":""},"class_list":["post-9","page","type-page","status-publish","hentry"],"yoast_head":"<!-- This site is optimized with the Yoast SEO plugin v27.5 - https:\/\/yoast.com\/product\/yoast-seo-wordpress\/ -->\n<title>Leistungen - HanseMerkur<\/title>\n<meta name=\"robots\" content=\"index, follow, max-snippet:-1, max-image-preview:large, max-video-preview:-1\" \/>\n<link rel=\"canonical\" href=\"https:\/\/www.hm-d-weist.de\/wp\/?page_id=9\" \/>\n<meta property=\"og:locale\" content=\"de_DE\" \/>\n<meta property=\"og:type\" content=\"article\" \/>\n<meta property=\"og:title\" content=\"Leistungen - HanseMerkur\" \/>\n<meta property=\"og:description\" content=\"&nbsp; Unsere Schwerpunkte sind Kranken-, Lebens-, Sach- und Reiseversicherungen. Wir wissen um den st\u00e4ndig steigenden Bedarf an Service, Beratung und Dienstleistungen. Gemeinsam suchen wir nach optimalen L\u00f6sungen, die auf Ihre ganz speziellen Bed\u00fcrfnisse zugeschnitten sind. Auf Wunsch vereinbaren wir mit Ihnen Beratungstermin in unserer Gesch\u00e4ftsstelle, bei Ihnen zu Hause oder an Ihrem Arbeitsplatz. So weit [&hellip;]\" \/>\n<meta property=\"og:url\" content=\"https:\/\/www.hm-d-weist.de\/wp\/?page_id=9\" \/>\n<meta property=\"og:site_name\" content=\"HanseMerkur\" \/>\n<meta property=\"article:modified_time\" content=\"2016-01-05T13:03:26+00:00\" \/>\n<meta name=\"twitter:card\" content=\"summary_large_image\" \/>\n<script type=\"application\/ld+json\" class=\"yoast-schema-graph\">{\"@context\":\"https:\\\/\\\/schema.org\",\"@graph\":[{\"@type\":\"WebPage\",\"@id\":\"https:\\\/\\\/www.hm-d-weist.de\\\/wp\\\/?page_id=9\",\"url\":\"https:\\\/\\\/www.hm-d-weist.de\\\/wp\\\/?page_id=9\",\"name\":\"Leistungen - HanseMerkur\",\"isPartOf\":{\"@id\":\"https:\\\/\\\/www.hm-d-weist.de\\\/wp\\\/#website\"},\"datePublished\":\"2013-01-23T10:29:19+00:00\",\"dateModified\":\"2016-01-05T13:03:26+00:00\",\"breadcrumb\":{\"@id\":\"https:\\\/\\\/www.hm-d-weist.de\\\/wp\\\/?page_id=9#breadcrumb\"},\"inLanguage\":\"de\",\"potentialAction\":[{\"@type\":\"ReadAction\",\"target\":[\"https:\\\/\\\/www.hm-d-weist.de\\\/wp\\\/?page_id=9\"]}]},{\"@type\":\"BreadcrumbList\",\"@id\":\"https:\\\/\\\/www.hm-d-weist.de\\\/wp\\\/?page_id=9#breadcrumb\",\"itemListElement\":[{\"@type\":\"ListItem\",\"position\":1,\"name\":\"Start\",\"item\":\"https:\\\/\\\/www.hm-d-weist.de\\\/wp\\\/\"},{\"@type\":\"ListItem\",\"position\":2,\"name\":\"Leistungen\"}]},{\"@type\":\"WebSite\",\"@id\":\"https:\\\/\\\/www.hm-d-weist.de\\\/wp\\\/#website\",\"url\":\"https:\\\/\\\/www.hm-d-weist.de\\\/wp\\\/\",\"name\":\"HanseMerkur Gesch\u00e4ftsstelle Daniel Weist\",\"description\":\"Gesch\u00e4ftsstelle Daniel Weist\",\"potentialAction\":[{\"@type\":\"SearchAction\",\"target\":{\"@type\":\"EntryPoint\",\"urlTemplate\":\"https:\\\/\\\/www.hm-d-weist.de\\\/wp\\\/?s={search_term_string}\"},\"query-input\":{\"@type\":\"PropertyValueSpecification\",\"valueRequired\":true,\"valueName\":\"search_term_string\"}}],\"inLanguage\":\"de\"}]}<\/script>\n<!-- \/ Yoast SEO plugin. -->","yoast_head_json":{"title":"Leistungen - HanseMerkur","robots":{"index":"index","follow":"follow","max-snippet":"max-snippet:-1","max-image-preview":"max-image-preview:large","max-video-preview":"max-video-preview:-1"},"canonical":"https:\/\/www.hm-d-weist.de\/wp\/?page_id=9","og_locale":"de_DE","og_type":"article","og_title":"Leistungen - HanseMerkur","og_description":"&nbsp; Unsere Schwerpunkte sind Kranken-, Lebens-, Sach- und Reiseversicherungen. Wir wissen um den st\u00e4ndig steigenden Bedarf an Service, Beratung und Dienstleistungen. Gemeinsam suchen wir nach optimalen L\u00f6sungen, die auf Ihre ganz speziellen Bed\u00fcrfnisse zugeschnitten sind. Auf Wunsch vereinbaren wir mit Ihnen Beratungstermin in unserer Gesch\u00e4ftsstelle, bei Ihnen zu Hause oder an Ihrem Arbeitsplatz. So weit [&hellip;]","og_url":"https:\/\/www.hm-d-weist.de\/wp\/?page_id=9","og_site_name":"HanseMerkur","article_modified_time":"2016-01-05T13:03:26+00:00","twitter_card":"summary_large_image","schema":{"@context":"https:\/\/schema.org","@graph":[{"@type":"WebPage","@id":"https:\/\/www.hm-d-weist.de\/wp\/?page_id=9","url":"https:\/\/www.hm-d-weist.de\/wp\/?page_id=9","name":"Leistungen - HanseMerkur","isPartOf":{"@id":"https:\/\/www.hm-d-weist.de\/wp\/#website"},"datePublished":"2013-01-23T10:29:19+00:00","dateModified":"2016-01-05T13:03:26+00:00","breadcrumb":{"@id":"https:\/\/www.hm-d-weist.de\/wp\/?page_id=9#breadcrumb"},"inLanguage":"de","potentialAction":[{"@type":"ReadAction","target":["https:\/\/www.hm-d-weist.de\/wp\/?page_id=9"]}]},{"@type":"BreadcrumbList","@id":"https:\/\/www.hm-d-weist.de\/wp\/?page_id=9#breadcrumb","itemListElement":[{"@type":"ListItem","position":1,"name":"Start","item":"https:\/\/www.hm-d-weist.de\/wp\/"},{"@type":"ListItem","position":2,"name":"Leistungen"}]},{"@type":"WebSite","@id":"https:\/\/www.hm-d-weist.de\/wp\/#website","url":"https:\/\/www.hm-d-weist.de\/wp\/","name":"HanseMerkur Gesch\u00e4ftsstelle Daniel Weist","description":"Gesch\u00e4ftsstelle Daniel Weist","potentialAction":[{"@type":"SearchAction","target":{"@type":"EntryPoint","urlTemplate":"https:\/\/www.hm-d-weist.de\/wp\/?s={search_term_string}"},"query-input":{"@type":"PropertyValueSpecification","valueRequired":true,"valueName":"search_term_string"}}],"inLanguage":"de"}]}},"_links":{"self":[{"href":"https:\/\/www.hm-d-weist.de\/wp\/index.php?rest_route=\/wp\/v2\/pages\/9","targetHints":{"allow":["GET"]}}],"collection":[{"href":"https:\/\/www.hm-d-weist.de\/wp\/index.php?rest_route=\/wp\/v2\/pages"}],"about":[{"href":"https:\/\/www.hm-d-weist.de\/wp\/index.php?rest_route=\/wp\/v2\/types\/page"}],"author":[{"embeddable":true,"href":"https:\/\/www.hm-d-weist.de\/wp\/index.php?rest_route=\/wp\/v2\/users\/1"}],"replies":[{"embeddable":true,"href":"https:\/\/www.hm-d-weist.de\/wp\/index.php?rest_route=%2Fwp%2Fv2%2Fcomments&post=9"}],"version-history":[{"count":5,"href":"https:\/\/www.hm-d-weist.de\/wp\/index.php?rest_route=\/wp\/v2\/pages\/9\/revisions"}],"predecessor-version":[{"id":172,"href":"https:\/\/www.hm-d-weist.de\/wp\/index.php?rest_route=\/wp\/v2\/pages\/9\/revisions\/172"}],"wp:attachment":[{"href":"https:\/\/www.hm-d-weist.de\/wp\/index.php?rest_route=%2Fwp%2Fv2%2Fmedia&parent=9"}],"curies":[{"name":"wp","href":"https:\/\/api.w.org\/{rel}","templated":true}]}}